{"id":15,"date":"2025-06-26T10:15:32","date_gmt":"2025-06-26T08:15:32","guid":{"rendered":"https:\/\/rotobox.rovimatica.com\/?page_id=15"},"modified":"2025-07-30T11:15:45","modified_gmt":"2025-07-30T09:15:45","slug":"nosotros","status":"publish","type":"page","link":"https:\/\/rotobox.rovimatica.com\/es\/nosotros\/","title":{"rendered":"Nosotros"},"content":{"rendered":"\n<section    class='min-h-dvh bg-blue relative flex items-center overflow-hidden'    >\n    \n\n\n                    <img decoding=\"async\"  src=\"https:\/\/rotobox.rovimatica.com\/wp-content\/uploads\/2025\/07\/Captura-de-pantalla-2025-05-16-a-las-9.59.11-1.jpg\" \/>\n    \n\n\n\n<div    class='absolute inset-0 size-full bg-[#207198]\/60'    >\n    \n<\/div>\n\n\n<div    class='container relative flex flex-col gap-20 px-20 items-center'    >\n    \n\n\n    \n    \n        <p\n            class='text-white uppercase text-center'            data-aos=\"splitInUp\" data-aos-delay=\"200\">\n            APTO PARA PEQUE\u00d1AS Y MEDIANAS PRODUCCIONES        <\/p>\n\n    \n\n\n\n\n    \n    \n        <h1            class='text-white text-4xl max-w-1000 text-center'            data-aos=\"splitInUp\" data-aos-delay=\"500\">\n\n                             Enfoque profesional e inspirador:<br>\r\nImpulsamos la log\u00edstica del futuro, hoy.            \n        <\/h1>\n\n    \n\n\n<\/div>\n\n<\/section>\n\n\n<div    class='py-100 relative bg-gray'    >\n    \n\n<div    class='container px-20 text-center'    >\n    \n\n\n    \n    \n        <h2            class='font-4xl mb-20'            data-aos-child>\n\n                            Rotobox            \n        <\/h2>\n\n    \n\n\n\n\n    \n    \n        <p\n            class=' max-w-500 mx-auto mb-100'            data-aos-child>\n            RotoBox nace para cubrir una necesidad cada vez m\u00e1s demandada, \u201cclasificar\u201d para poder distribuir.        <\/p>\n\n    \n\n\n\n<div    class='max-w-850 mx-auto'    >\n    \n\n    <div class=\"mb-4 p-4\">\n        <p class=\"text-gray-500\">Vista previa del bloque Timeline<\/p>\n    <\/div>\n\n\n<\/div>\n\n<\/div>\n\n<\/div>\n\n\n<section    class='py-100 bg-gray'    >\n    \n\n<div    class='container px-20'    >\n    \n\n<div    class='flex flex-col xl:flex-row gap-y-60'    data-aos-group>\n    \n\n<div    class='basis-1\/2 relative'    >\n    \n\n<div    class='size-150 absolute inset-0 bg-blue rounded-md'    data-speed=\"1.05\">\n    \n<\/div>\n\n\n<div    class='size-130 absolute bottom-0 right-0 bg-red rounded-md'    data-speed=\"0.9\">\n    \n<\/div>\n\n\n\n                    <img decoding=\"async\"  src=\"https:\/\/rotobox.rovimatica.com\/wp-content\/uploads\/2025\/07\/Robot-movil-RotoBox-en-detalle-1.jpg\" \/>\n    \n\n\n<\/div>\n\n\n<div    class='basis-1\/2 flex flex-col gap-30 justify-center px-0 xl:px-60'    data-aos-group=\"fadeInUp\">\n    \n\n\n    \n    \n        <p\n            class='text-uppercase text-blue'            data-aos-child>\n            CLASIFICADOR AUTOM\u00c1TICO         <\/p>\n\n    \n\n\n\n\n    \n    \n        <h2            class='text-3xl xl:text-4xl'            data-aos-child>\n\n                            Rotobox: innovaci\u00f3n desarrollada por Rovim\u00e1tica            \n        <\/h2>\n\n    \n\n\n\n\n    \n    \n        <p\n                        data-aos-child>\n            En Rovim\u00e1tica creemos que la automatizaci\u00f3n log\u00edstica no debe ser un privilegio exclusivo de las grandes empresas. \r\nPor eso desarrollamos soluciones inteligentes pensadas especialmente para peque\u00f1as y medianas compa\u00f1\u00edas, permiti\u00e9ndoles optimizar su operaci\u00f3n sin necesidad de realizar grandes inversiones.\r\n\r\n        <\/p>\n\n    \n\n\n\n\n    \n    \n        <p\n                        data-aos-child>\n            Nuestra tecnolog\u00eda automatiza el proceso de clasificaci\u00f3n, eliminando los errores manuales que suelen generar fallas en la distribuci\u00f3n. Adem\u00e1s, integramos sistemas de seguimiento en tiempo real que brindan trazabilidad completa, mejorando la experiencia del cliente y ofreciendo a las empresas un control total sobre sus env\u00edos.        <\/p>\n\n    \n\n\n\n\n    \n    \n        <p\n                        data-aos-child>\n            Con RotoBox, ayudamos a reducir los tiempos de entrega, disminuir los costos operativos y elevar los est\u00e1ndares de servicio, todo desde una soluci\u00f3n flexible, eficiente y adaptada a las necesidades reales del mercado, para automatizar procesos.        <\/p>\n\n    \n\n\n\n\n    \n        \n        \n            <a\n                href='https:\/\/rovimatica.com'                target=\"_blank\"                class='btn bg-red w-fit'                                data-aos-child>\n\n                                            Conoce Rovim\u00e1tica                                            \n                    \n                    \n\n            <\/a>\n\n        \n    \n    \n\n<\/div>\n\n<\/div>\n\n<\/div>\n\n<\/section>\n\n\n<div    class='py-100 bg-gray hidden'    >\n    \n\n<div    class='container px-20'    data-aos-group=\"fadeInUp\">\n    \n\n\n    \n    \n        <h2            class='text-3xl xl:text-4xl text-center mb-60'            data-aos-child>\n\n                            Creadores            \n        <\/h2>\n\n    \n\n\n\n<div    class='grid grid-cols-1 xl:grid-cols-2 gap-20 max-w-750 mx-auto'    >\n    \n\n<div    class='flex flex-col gap-10'    data-aos-child>\n    \n\n\n                    <img decoding=\"async\"  src=\"https:\/\/rotobox.rovimatica.com\/wp-content\/uploads\/2025\/07\/ImageBackground.jpg\" \/>\n    \n\n\n\n\n    \n    \n        <h2            class='text-lg'            >\n\n                            Jose Mar\u00eda G\u00f3mez M\u00e1rquez            \n        <\/h2>\n\n    \n\n\n\n\n    \n    \n        <p\n            class='uppercase tracking-wider text-blue'            >\n            CEO        <\/p>\n\n    \n\n\n<\/div>\n\n\n<div    class='flex flex-col gap-10'    data-aos-child>\n    \n\n\n                    <img decoding=\"async\"  src=\"https:\/\/rotobox.rovimatica.com\/wp-content\/uploads\/2025\/07\/ImageBackground.jpg\" \/>\n    \n\n\n\n\n    \n    \n        <h2            class='text-lg'            >\n\n                            Jose Mar\u00eda G\u00f3mez M\u00e1rquez            \n        <\/h2>\n\n    \n\n\n\n\n    \n    \n        <p\n            class='uppercase tracking-wider text-blue'            >\n            CEO        <\/p>\n\n    \n\n\n<\/div>\n\n<\/div>\n\n<\/div>\n\n<\/div>\n\n\n<div    class='py-100 bg-gray hidden'    >\n    \n\n<div    class='container px-20'    data-aos-group=\"fadeInUp\">\n    \n\n\n    \n    \n        <h2            class='text-3xl xl:text-4xl text-center mb-60'            data-aos-child>\n\n                            Partners            \n        <\/h2>\n\n    \n\n\n\n<div    class='grid grid-cols-2 xl:grid-cols-3 gap-20'    >\n    \n\n<div    class='bg-white rounded-lg flex justify-center items-center py-50 xl:py-100 px-30 lg:px-60'    data-aos-child>\n    \n\n\n                    <img decoding=\"async\"  src=\"https:\/\/rotobox.rovimatica.com\/wp-content\/uploads\/2025\/06\/DHL_Logo.svg\" \/>\n    \n\n\n<\/div>\n\n\n<div    class='bg-white rounded-lg flex justify-center items-center py-50 xl:py-100 px-30 lg:px-60'    data-aos-child>\n    \n\n\n                    <img decoding=\"async\"  src=\"https:\/\/rotobox.rovimatica.com\/wp-content\/uploads\/2025\/06\/DHL_Logo.svg\" \/>\n    \n\n\n<\/div>\n\n\n<div    class='bg-white rounded-lg flex justify-center items-center py-50 xl:py-100 px-30 lg:px-60'    data-aos-child>\n    \n\n\n                    <img decoding=\"async\"  src=\"https:\/\/rotobox.rovimatica.com\/wp-content\/uploads\/2025\/06\/DHL_Logo.svg\" \/>\n    \n\n\n<\/div>\n\n\n<div    class='bg-white rounded-lg flex justify-center items-center py-50 xl:py-100 px-30 lg:px-60'    data-aos-child>\n    \n\n\n                    <img decoding=\"async\"  src=\"https:\/\/rotobox.rovimatica.com\/wp-content\/uploads\/2025\/06\/DHL_Logo.svg\" \/>\n    \n\n\n<\/div>\n\n\n<div    class='bg-white rounded-lg flex justify-center items-center py-50 xl:py-100 px-30 lg:px-60'    data-aos-child>\n    \n\n\n                    <img decoding=\"async\"  src=\"https:\/\/rotobox.rovimatica.com\/wp-content\/uploads\/2025\/06\/DHL_Logo.svg\" \/>\n    \n\n\n<\/div>\n\n\n<div    class='bg-white rounded-lg flex justify-center items-center py-50 xl:py-100 px-30 lg:px-60'    data-aos-child>\n    \n\n\n                    <img decoding=\"async\"  src=\"https:\/\/rotobox.rovimatica.com\/wp-content\/uploads\/2025\/06\/DHL_Logo.svg\" \/>\n    \n\n\n<\/div>\n\n<\/div>\n\n<\/div>\n\n<\/div>\n\n\n<div    class='py-100 bg-gray'    >\n    \n\n<div    class='container px-20'    data-aos-group=\"fadeInUp\">\n    \n\n\n    \n    \n        <h2            class='text-3xl xl:text-4xl text-center mb-60'            data-aos-child>\n\n                            Clientes            \n        <\/h2>\n\n    \n\n\n\n<div    class='grid grid-cols-2 xl:grid-cols-5 gap-20'    >\n    \n\n<div    class='bg-white rounded-lg flex justify-center items-center py-50 xl:py-100 px-30 lg:px-60'    data-aos-child>\n    \n\n\n                    <img decoding=\"async\"  src=\"https:\/\/rotobox.rovimatica.com\/wp-content\/uploads\/2025\/07\/viapack.svg\" \/>\n    \n\n\n<\/div>\n\n\n<div    class='bg-white rounded-lg flex justify-center items-center py-50 xl:py-100 px-30 lg:px-60'    data-aos-child>\n    \n\n\n                    <img decoding=\"async\"  src=\"https:\/\/rotobox.rovimatica.com\/wp-content\/uploads\/2025\/07\/mrw.svg\" \/>\n    \n\n\n<\/div>\n\n\n<div    class='bg-white rounded-lg flex justify-center items-center py-50 xl:py-100 px-30 lg:px-60'    data-aos-child>\n    \n\n\n                    <img decoding=\"async\"  src=\"https:\/\/rotobox.rovimatica.com\/wp-content\/uploads\/2025\/07\/inpost.svg\" \/>\n    \n\n\n<\/div>\n\n\n<div    class='bg-white rounded-lg flex justify-center items-center py-50 xl:py-100 px-30 lg:px-60'    data-aos-child>\n    \n\n\n                    <img decoding=\"async\"  src=\"https:\/\/rotobox.rovimatica.com\/wp-content\/uploads\/2025\/07\/arnoia.svg\" \/>\n    \n\n\n<\/div>\n\n\n<div    class='bg-white rounded-lg flex justify-center items-center py-50 xl:py-100 px-30 lg:px-60'    data-aos-child>\n    \n\n\n                    <img decoding=\"async\"  src=\"https:\/\/rotobox.rovimatica.com\/wp-content\/uploads\/2025\/07\/gls.svg\" \/>\n    \n\n\n<\/div>\n\n<\/div>\n\n<\/div>\n\n<\/div>\n\n\n<section    class='py-200 relative overflow-hidden'    data-aos-group=\"fadeIn\">\n    \n\n\n                    <img decoding=\"async\"  src=\"https:\/\/rotobox.rovimatica.com\/wp-content\/uploads\/2025\/06\/happy-workers.jpeg\" \/>\n    \n\n\n\n<div    class='absolute bg-blue\/60 size-full inset-0'    data-aos-child>\n    \n<\/div>\n\n\n<div    class='container relative  px-20 max-w-650 flex flex-col items-center'    >\n    \n\n\n    \n    \n        <p\n            class='text-uppercase text-white text-center mb-20'            data-aos-child>\n            ADAPTAMOS LA CLASIFICACI\u00d3N  PARA CADA CLIENTE        <\/p>\n\n    \n\n\n\n\n    \n    \n        <h2            class='font-4xl text-white text-center mb-20'            data-aos-child>\n\n                            Soluciones a medida            \n        <\/h2>\n\n    \n\n\n\n\n    \n    \n        <p\n            class='text-uppercase text-white text-center mb-40'            data-aos-child>\n            Nuestra ingenier\u00eda tambi\u00e9n puede desarrollar, con la misma filosof\u00eda, instalaciones acordes con la necesidad, variando tanto el di\u00e1metro como la altura.\r\n        <\/p>\n\n    \n\n\n\n\n    \n        \n        \n            <a\n                href='\/es\/soluciones-a-medida\/'                                class='btn bg-red'                                data-aos-child>\n\n                                            M\u00e1s informaci\u00f3n                                            \n                    \n                    \n\n            <\/a>\n\n        \n    \n    \n\n<\/div>\n\n<\/section>","protected":false},"excerpt":{"rendered":"","protected":false},"author":1,"featured_media":0,"parent":0,"menu_order":0,"comment_status":"closed","ping_status":"closed","template":"","meta":{"inline_featured_image":false,"footnotes":""},"class_list":["post-15","page","type-page","status-publish","hentry"],"yoast_head":"<!-- This site is optimized with the Yoast SEO plugin v25.9 - https:\/\/yoast.com\/wordpress\/plugins\/seo\/ -->\n<title>Nosotros - Rotobox<\/title>\n<meta name=\"robots\" content=\"index, follow, max-snippet:-1, max-image-preview:large, max-video-preview:-1\" \/>\n<link rel=\"canonical\" href=\"https:\/\/rotobox.rovimatica.com\/nosotros\/\" \/>\n<meta property=\"og:locale\" content=\"es_ES\" \/>\n<meta property=\"og:type\" content=\"article\" \/>\n<meta property=\"og:title\" content=\"Nosotros - Rotobox\" \/>\n<meta property=\"og:url\" content=\"https:\/\/rotobox.rovimatica.com\/nosotros\/\" \/>\n<meta property=\"og:site_name\" content=\"Rotobox\" \/>\n<meta property=\"article:modified_time\" content=\"2025-07-30T09:15:45+00:00\" \/>\n<meta name=\"twitter:card\" content=\"summary_large_image\" \/>\n<script type=\"application\/ld+json\" class=\"yoast-schema-graph\">{\"@context\":\"https:\/\/schema.org\",\"@graph\":[{\"@type\":\"WebPage\",\"@id\":\"https:\/\/rotobox.rovimatica.com\/nosotros\/\",\"url\":\"https:\/\/rotobox.rovimatica.com\/nosotros\/\",\"name\":\"Nosotros - Rotobox\",\"isPartOf\":{\"@id\":\"https:\/\/rotobox.rovimatica.com\/#website\"},\"datePublished\":\"2025-06-26T08:15:32+00:00\",\"dateModified\":\"2025-07-30T09:15:45+00:00\",\"breadcrumb\":{\"@id\":\"https:\/\/rotobox.rovimatica.com\/nosotros\/#breadcrumb\"},\"inLanguage\":\"es\",\"potentialAction\":[{\"@type\":\"ReadAction\",\"target\":[\"https:\/\/rotobox.rovimatica.com\/nosotros\/\"]}]},{\"@type\":\"BreadcrumbList\",\"@id\":\"https:\/\/rotobox.rovimatica.com\/nosotros\/#breadcrumb\",\"itemListElement\":[{\"@type\":\"ListItem\",\"position\":1,\"name\":\"Home\",\"item\":\"https:\/\/rotobox.rovimatica.com\/\"},{\"@type\":\"ListItem\",\"position\":2,\"name\":\"Nosotros\"}]},{\"@type\":\"WebSite\",\"@id\":\"https:\/\/rotobox.rovimatica.com\/#website\",\"url\":\"https:\/\/rotobox.rovimatica.com\/\",\"name\":\"Rotobox\",\"description\":\"\",\"publisher\":{\"@id\":\"https:\/\/rotobox.rovimatica.com\/#organization\"},\"potentialAction\":[{\"@type\":\"SearchAction\",\"target\":{\"@type\":\"EntryPoint\",\"urlTemplate\":\"https:\/\/rotobox.rovimatica.com\/?s={search_term_string}\"},\"query-input\":{\"@type\":\"PropertyValueSpecification\",\"valueRequired\":true,\"valueName\":\"search_term_string\"}}],\"inLanguage\":\"es\"},{\"@type\":\"Organization\",\"@id\":\"https:\/\/rotobox.rovimatica.com\/#organization\",\"name\":\"Rotobox\",\"url\":\"https:\/\/rotobox.rovimatica.com\/\",\"logo\":{\"@type\":\"ImageObject\",\"inLanguage\":\"es\",\"@id\":\"https:\/\/rotobox.rovimatica.com\/#\/schema\/logo\/image\/\",\"url\":\"https:\/\/rotobox.rovimatica.com\/wp-content\/uploads\/2025\/06\/Logo-Rotobox.svg\",\"contentUrl\":\"https:\/\/rotobox.rovimatica.com\/wp-content\/uploads\/2025\/06\/Logo-Rotobox.svg\",\"width\":133,\"height\":71,\"caption\":\"Rotobox\"},\"image\":{\"@id\":\"https:\/\/rotobox.rovimatica.com\/#\/schema\/logo\/image\/\"}}]}<\/script>\n<!-- \/ Yoast SEO plugin. -->","yoast_head_json":{"title":"Nosotros - Rotobox","robots":{"index":"index","follow":"follow","max-snippet":"max-snippet:-1","max-image-preview":"max-image-preview:large","max-video-preview":"max-video-preview:-1"},"canonical":"https:\/\/rotobox.rovimatica.com\/nosotros\/","og_locale":"es_ES","og_type":"article","og_title":"Nosotros - Rotobox","og_url":"https:\/\/rotobox.rovimatica.com\/nosotros\/","og_site_name":"Rotobox","article_modified_time":"2025-07-30T09:15:45+00:00","twitter_card":"summary_large_image","schema":{"@context":"https:\/\/schema.org","@graph":[{"@type":"WebPage","@id":"https:\/\/rotobox.rovimatica.com\/nosotros\/","url":"https:\/\/rotobox.rovimatica.com\/nosotros\/","name":"Nosotros - Rotobox","isPartOf":{"@id":"https:\/\/rotobox.rovimatica.com\/#website"},"datePublished":"2025-06-26T08:15:32+00:00","dateModified":"2025-07-30T09:15:45+00:00","breadcrumb":{"@id":"https:\/\/rotobox.rovimatica.com\/nosotros\/#breadcrumb"},"inLanguage":"es","potentialAction":[{"@type":"ReadAction","target":["https:\/\/rotobox.rovimatica.com\/nosotros\/"]}]},{"@type":"BreadcrumbList","@id":"https:\/\/rotobox.rovimatica.com\/nosotros\/#breadcrumb","itemListElement":[{"@type":"ListItem","position":1,"name":"Home","item":"https:\/\/rotobox.rovimatica.com\/"},{"@type":"ListItem","position":2,"name":"Nosotros"}]},{"@type":"WebSite","@id":"https:\/\/rotobox.rovimatica.com\/#website","url":"https:\/\/rotobox.rovimatica.com\/","name":"Rotobox","description":"","publisher":{"@id":"https:\/\/rotobox.rovimatica.com\/#organization"},"potentialAction":[{"@type":"SearchAction","target":{"@type":"EntryPoint","urlTemplate":"https:\/\/rotobox.rovimatica.com\/?s={search_term_string}"},"query-input":{"@type":"PropertyValueSpecification","valueRequired":true,"valueName":"search_term_string"}}],"inLanguage":"es"},{"@type":"Organization","@id":"https:\/\/rotobox.rovimatica.com\/#organization","name":"Rotobox","url":"https:\/\/rotobox.rovimatica.com\/","logo":{"@type":"ImageObject","inLanguage":"es","@id":"https:\/\/rotobox.rovimatica.com\/#\/schema\/logo\/image\/","url":"https:\/\/rotobox.rovimatica.com\/wp-content\/uploads\/2025\/06\/Logo-Rotobox.svg","contentUrl":"https:\/\/rotobox.rovimatica.com\/wp-content\/uploads\/2025\/06\/Logo-Rotobox.svg","width":133,"height":71,"caption":"Rotobox"},"image":{"@id":"https:\/\/rotobox.rovimatica.com\/#\/schema\/logo\/image\/"}}]}},"meta_box":{"overlap_header":"1"},"_links":{"self":[{"href":"https:\/\/rotobox.rovimatica.com\/es\/wp-json\/wp\/v2\/pages\/15","targetHints":{"allow":["GET"]}}],"collection":[{"href":"https:\/\/rotobox.rovimatica.com\/es\/wp-json\/wp\/v2\/pages"}],"about":[{"href":"https:\/\/rotobox.rovimatica.com\/es\/wp-json\/wp\/v2\/types\/page"}],"author":[{"embeddable":true,"href":"https:\/\/rotobox.rovimatica.com\/es\/wp-json\/wp\/v2\/users\/1"}],"replies":[{"embeddable":true,"href":"https:\/\/rotobox.rovimatica.com\/es\/wp-json\/wp\/v2\/comments?post=15"}],"version-history":[{"count":73,"href":"https:\/\/rotobox.rovimatica.com\/es\/wp-json\/wp\/v2\/pages\/15\/revisions"}],"predecessor-version":[{"id":1185,"href":"https:\/\/rotobox.rovimatica.com\/es\/wp-json\/wp\/v2\/pages\/15\/revisions\/1185"}],"wp:attachment":[{"href":"https:\/\/rotobox.rovimatica.com\/es\/wp-json\/wp\/v2\/media?parent=15"}],"curies":[{"name":"wp","href":"https:\/\/api.w.org\/{rel}","templated":true}]}}